{"id":232,"date":"2020-04-21T19:46:07","date_gmt":"2020-04-21T17:46:07","guid":{"rendered":"https:\/\/www.bouskidou.com\/?page_id=232"},"modified":"2022-01-27T17:17:40","modified_gmt":"2022-01-27T16:17:40","slug":"contact","status":"publish","type":"page","link":"https:\/\/www.bouskidou.com\/index.php\/contact\/","title":{"rendered":"Contact"},"content":{"rendered":"<p>[et_pb_section fb_built=&#8221;1&#8243; fullwidth=&#8221;on&#8221; _builder_version=&#8221;4.4.1&#8243; collapsed=&#8221;off&#8221;][et_pb_fullwidth_header title=&#8221;Vous cherchez \u00e0 nous joindre?&#8221; header_scroll_down=&#8221;on&#8221; scroll_down_icon=&#8221;%%7%%&#8221; scroll_down_icon_size=&#8221;36px&#8221; button_one_text=&#8221;Booking&#8221; button_two_text=&#8221;Bouskidou sur Facebook&#8221; button_two_url=&#8221;https:\/\/www.facebook.com\/Bouskidou-Rockn-M%C3%B4mes-1680972158665357\/&#8221; logo_image_url=&#8221;https:\/\/www.bouskidou.com\/wp-content\/uploads\/2020\/04\/logo-bouskidou-fond-gris.jpg&#8221; _builder_version=&#8221;4.6.5&#8243; title_text_color=&#8221;#86000f&#8221; content_text_color=&#8221;#3a2325&#8243; background_color=&#8221;#dcdcdc&#8221; custom_button_one=&#8221;on&#8221; button_one_text_color=&#8221;#86000f&#8221; button_one_border_radius=&#8221;30px&#8221; button_one_icon=&#8221;%%109%%&#8221; custom_button_two=&#8221;on&#8221; button_two_text_color=&#8221;#86000f&#8221; button_two_border_radius=&#8221;30px&#8221; button_two_icon=&#8221;%%291%%&#8221; button_two_custom_margin_tablet=&#8221;&#8221; button_two_custom_margin_phone=&#8221;&#8221; button_two_custom_margin_last_edited=&#8221;on|phone&#8221; custom_padding=&#8221;||76px||false|false&#8221; link_option_url_new_window=&#8221;on&#8221; hover_enabled=&#8221;0&#8243; title_font_size_tablet=&#8221;20px&#8221; title_font_size_phone=&#8221;16px&#8221; title_font_size_last_edited=&#8221;on|desktop&#8221; content_font_size_tablet=&#8221;13px&#8221; content_font_size_phone=&#8221;12px&#8221; content_font_size_last_edited=&#8221;on|phone&#8221; button_one_text_size_tablet=&#8221;16px&#8221; button_one_text_size_phone=&#8221;12px&#8221; button_one_text_size_last_edited=&#8221;on|phone&#8221; button_two_text_size_tablet=&#8221;16px&#8221; button_two_text_size_phone=&#8221;12px&#8221; button_two_text_size_last_edited=&#8221;on|phone&#8221; border_radii_image=&#8221;on|6px|6px|6px|6px&#8221; button_one_url=&#8221;mailto:contact@bouskidou.com&#8221; sticky_enabled=&#8221;0&#8243;]<\/p>\n<p>Si c&#8217;est pour obtenir des infos pour organiser un spectacle de Bouskidou, merci de cliquer sur le bouton ci-dessous pour formuler votre demande.<\/p>\n<p>Si c&#8217;est pour nous faire coucou sur les r\u00e9seaux, passez via notre page Facebook:\u00a0\u00a0<a href=\"https:\/\/www.facebook.com\/Bouskidou-Rockn-M%C3%B4mes-1680972158665357\/\" target=\"_blank\" rel=\"noopener noreferrer\">Bouskidou Rock&#8217;n&#8217; M\u00f4mes\u00a0<\/a><\/p>\n<p>Et pour tout autre demande, merci de remplir le formulaire et nous prendrons plaisir \u00e0 vous r\u00e9pondre. A tr\u00e8s bient\u00f4t !<\/p>\n<p>[\/et_pb_fullwidth_header][\/et_pb_section][et_pb_section fb_built=&#8221;1&#8243; _builder_version=&#8221;4.4.1&#8243; collapsed=&#8221;off&#8221;][et_pb_row _builder_version=&#8221;4.6.5&#8243; custom_margin=&#8221;43px||||false|false&#8221;][et_pb_column type=&#8221;4_4&#8243; _builder_version=&#8221;4.4.1&#8243;][et_pb_contact_form use_spam_service=&#8221;on&#8221; recaptcha_list=&#8221;bouskidou-0&#8243; email=&#8221;infos@bouskidou.com&#8221; title=&#8221;Pour tout autre demande&#8221; custom_message=&#8221;Message de %%Name%% %%Pr\u00e9nom%% ||et_pb_line_break_holder||%%Email%%||et_pb_line_break_holder||%%field_4%%||et_pb_line_break_holder||||et_pb_line_break_holder||%%message%%&#8221; success_message=&#8221;Merci, nous avons bien re\u00e7u votre message ! D\u00e8s qu&#8217;un Bouskidou passera par l\u00e0, il s&#8217;empressera d&#8217;y r\u00e9pondre. Merci et \u00e0 tr\u00e8s bient\u00f4t&#8221; submit_button_text=&#8221;Envoyer&#8221; _builder_version=&#8221;4.6.5&#8243; captcha_font_size=&#8221;14px&#8221; background_color=&#8221;#ffffff&#8221; custom_button=&#8221;on&#8221; button_text_size=&#8221;16px&#8221; button_text_color=&#8221;#86000f&#8221; button_border_radius=&#8221;30px&#8221; button_icon=&#8221;%%109%%&#8221; custom_margin=&#8221;||70px||false|false&#8221; title_font_size_tablet=&#8221;20px&#8221; title_font_size_phone=&#8221;16px&#8221; title_font_size_last_edited=&#8221;on|phone&#8221; captcha_font_size_tablet=&#8221;13px&#8221; captcha_font_size_phone=&#8221;12px&#8221; captcha_font_size_last_edited=&#8221;on|phone&#8221; form_field_font_size_tablet=&#8221;13px&#8221; form_field_font_size_phone=&#8221;12px&#8221; form_field_font_size_last_edited=&#8221;on|phone&#8221; button_text_size_tablet=&#8221;14px&#8221; button_text_size_phone=&#8221;&#8221; button_text_size_last_edited=&#8221;on|phone&#8221;][et_pb_contact_field field_id=&#8221;Name&#8221; field_title=&#8221;Nom&#8221; _builder_version=&#8221;3.16&#8243; button_text_size__hover_enabled=&#8221;off&#8221; button_one_text_size__hover_enabled=&#8221;off&#8221; button_two_text_size__hover_enabled=&#8221;off&#8221; button_text_color__hover_enabled=&#8221;off&#8221; button_one_text_color__hover_enabled=&#8221;off&#8221; button_two_text_color__hover_enabled=&#8221;off&#8221; button_border_width__hover_enabled=&#8221;off&#8221; button_one_border_width__hover_enabled=&#8221;off&#8221; button_two_border_width__hover_enabled=&#8221;off&#8221; button_border_color__hover_enabled=&#8221;off&#8221; button_one_border_color__hover_enabled=&#8221;off&#8221; button_two_border_color__hover_enabled=&#8221;off&#8221; button_border_radius__hover_enabled=&#8221;off&#8221; button_one_border_radius__hover_enabled=&#8221;off&#8221; button_two_border_radius__hover_enabled=&#8221;off&#8221; button_letter_spacing__hover_enabled=&#8221;off&#8221; button_one_letter_spacing__hover_enabled=&#8221;off&#8221; button_two_letter_spacing__hover_enabled=&#8221;off&#8221; button_bg_color__hover_enabled=&#8221;off&#8221; button_one_bg_color__hover_enabled=&#8221;off&#8221; button_two_bg_color__hover_enabled=&#8221;off&#8221;][\/et_pb_contact_field][et_pb_contact_field field_id=&#8221;Pr\u00e9nom&#8221; field_title=&#8221;Pr\u00e9nom&#8221; _builder_version=&#8221;4.4.1&#8243; button_text_size__hover_enabled=&#8221;off&#8221; button_one_text_size__hover_enabled=&#8221;off&#8221; button_two_text_size__hover_enabled=&#8221;off&#8221; button_text_color__hover_enabled=&#8221;off&#8221; button_one_text_color__hover_enabled=&#8221;off&#8221; button_two_text_color__hover_enabled=&#8221;off&#8221; button_border_width__hover_enabled=&#8221;off&#8221; button_one_border_width__hover_enabled=&#8221;off&#8221; button_two_border_width__hover_enabled=&#8221;off&#8221; button_border_color__hover_enabled=&#8221;off&#8221; button_one_border_color__hover_enabled=&#8221;off&#8221; button_two_border_color__hover_enabled=&#8221;off&#8221; button_border_radius__hover_enabled=&#8221;off&#8221; button_one_border_radius__hover_enabled=&#8221;off&#8221; button_two_border_radius__hover_enabled=&#8221;off&#8221; button_letter_spacing__hover_enabled=&#8221;off&#8221; button_one_letter_spacing__hover_enabled=&#8221;off&#8221; button_two_letter_spacing__hover_enabled=&#8221;off&#8221; button_bg_color__hover_enabled=&#8221;off&#8221; button_one_bg_color__hover_enabled=&#8221;off&#8221; button_two_bg_color__hover_enabled=&#8221;off&#8221;][\/et_pb_contact_field][et_pb_contact_field field_id=&#8221;Email&#8221; field_title=&#8221;Adresse e-mail&#8221; field_type=&#8221;email&#8221; _builder_version=&#8221;3.16&#8243; button_text_size__hover_enabled=&#8221;off&#8221; button_one_text_size__hover_enabled=&#8221;off&#8221; button_two_text_size__hover_enabled=&#8221;off&#8221; button_text_color__hover_enabled=&#8221;off&#8221; button_one_text_color__hover_enabled=&#8221;off&#8221; button_two_text_color__hover_enabled=&#8221;off&#8221; button_border_width__hover_enabled=&#8221;off&#8221; button_one_border_width__hover_enabled=&#8221;off&#8221; button_two_border_width__hover_enabled=&#8221;off&#8221; button_border_color__hover_enabled=&#8221;off&#8221; button_one_border_color__hover_enabled=&#8221;off&#8221; button_two_border_color__hover_enabled=&#8221;off&#8221; button_border_radius__hover_enabled=&#8221;off&#8221; button_one_border_radius__hover_enabled=&#8221;off&#8221; button_two_border_radius__hover_enabled=&#8221;off&#8221; button_letter_spacing__hover_enabled=&#8221;off&#8221; button_one_letter_spacing__hover_enabled=&#8221;off&#8221; button_two_letter_spacing__hover_enabled=&#8221;off&#8221; button_bg_color__hover_enabled=&#8221;off&#8221; button_one_bg_color__hover_enabled=&#8221;off&#8221; button_two_bg_color__hover_enabled=&#8221;off&#8221;][\/et_pb_contact_field][et_pb_contact_field field_id=&#8221;Field_4&#8243; field_title=&#8221;Objet de votre message&#8221; fullwidth_field=&#8221;on&#8221; _builder_version=&#8221;4.4.1&#8243;][\/et_pb_contact_field][et_pb_contact_field field_id=&#8221;Message&#8221; field_title=&#8221;Message&#8221; field_type=&#8221;text&#8221; fullwidth_field=&#8221;on&#8221; _builder_version=&#8221;3.16&#8243; button_text_size__hover_enabled=&#8221;off&#8221; button_one_text_size__hover_enabled=&#8221;off&#8221; button_two_text_size__hover_enabled=&#8221;off&#8221; button_text_color__hover_enabled=&#8221;off&#8221; button_one_text_color__hover_enabled=&#8221;off&#8221; button_two_text_color__hover_enabled=&#8221;off&#8221; button_border_width__hover_enabled=&#8221;off&#8221; button_one_border_width__hover_enabled=&#8221;off&#8221; button_two_border_width__hover_enabled=&#8221;off&#8221; button_border_color__hover_enabled=&#8221;off&#8221; button_one_border_color__hover_enabled=&#8221;off&#8221; button_two_border_color__hover_enabled=&#8221;off&#8221; button_border_radius__hover_enabled=&#8221;off&#8221; button_one_border_radius__hover_enabled=&#8221;off&#8221; button_two_border_radius__hover_enabled=&#8221;off&#8221; button_letter_spacing__hover_enabled=&#8221;off&#8221; button_one_letter_spacing__hover_enabled=&#8221;off&#8221; button_two_letter_spacing__hover_enabled=&#8221;off&#8221; button_bg_color__hover_enabled=&#8221;off&#8221; button_one_bg_color__hover_enabled=&#8221;off&#8221; button_two_bg_color__hover_enabled=&#8221;off&#8221;][\/et_pb_contact_field][\/et_pb_contact_form][\/et_pb_column][\/et_pb_row][\/et_pb_section]<\/p>\n","protected":false},"excerpt":{"rendered":"<p>[et_pb_section fb_built=&#8221;1&#8243; fullwidth=&#8221;on&#8221; _builder_version=&#8221;4.4.1&#8243; collapsed=&#8221;off&#8221;][et_pb_fullwidth_header title=&#8221;Vous cherchez \u00e0 nous joindre?&#8221; header_scroll_down=&#8221;on&#8221; scroll_down_icon=&#8221;%%7%%&#8221; scroll_down_icon_size=&#8221;36px&#8221; button_one_text=&#8221;Booking&#8221; button_two_text=&#8221;Bouskidou sur Facebook&#8221; button_two_url=&#8221;https:\/\/www.facebook.com\/Bouskidou-Rockn-M%C3%B4mes-1680972158665357\/&#8221; logo_image_url=&#8221;https:\/\/www.bouskidou.com\/wp-content\/uploads\/2020\/04\/logo-bouskidou-fond-gris.jpg&#8221; _builder_version=&#8221;4.6.5&#8243; title_text_color=&#8221;#86000f&#8221; content_text_color=&#8221;#3a2325&#8243; background_color=&#8221;#dcdcdc&#8221; custom_button_one=&#8221;on&#8221; button_one_text_color=&#8221;#86000f&#8221; button_one_border_radius=&#8221;30px&#8221; button_one_icon=&#8221;%%109%%&#8221; custom_button_two=&#8221;on&#8221; button_two_text_color=&#8221;#86000f&#8221; button_two_border_radius=&#8221;30px&#8221; button_two_icon=&#8221;%%291%%&#8221; button_two_custom_margin_tablet=&#8221;&#8221; button_two_custom_margin_phone=&#8221;&#8221; button_two_custom_margin_last_edited=&#8221;on|phone&#8221; custom_padding=&#8221;||76px||false|false&#8221; link_option_url_new_window=&#8221;on&#8221; hover_enabled=&#8221;0&#8243; title_font_size_tablet=&#8221;20px&#8221; title_font_size_phone=&#8221;16px&#8221; title_font_size_last_edited=&#8221;on|desktop&#8221; content_font_size_tablet=&#8221;13px&#8221; content_font_size_phone=&#8221;12px&#8221; content_font_size_last_edited=&#8221;on|phone&#8221; button_one_text_size_tablet=&#8221;16px&#8221; button_one_text_size_phone=&#8221;12px&#8221; button_one_text_size_last_edited=&#8221;on|phone&#8221; button_two_text_size_tablet=&#8221;16px&#8221; button_two_text_size_phone=&#8221;12px&#8221; button_two_text_size_last_edited=&#8221;on|phone&#8221; border_radii_image=&#8221;on|6px|6px|6px|6px&#8221; button_one_url=&#8221;mailto:contact@bouskidou.com&#8221; sticky_enabled=&#8221;0&#8243;] Si c&#8217;est pour [&hellip;]<\/p>\n","protected":false},"author":1,"featured_media":0,"parent":0,"menu_order":0,"comment_status":"closed","ping_status":"closed","template":"","meta":{"_et_pb_use_builder":"on","_et_pb_old_content":"","_et_gb_content_width":"","footnotes":""},"_links":{"self":[{"href":"https:\/\/www.bouskidou.com\/index.php\/wp-json\/wp\/v2\/pages\/232"}],"collection":[{"href":"https:\/\/www.bouskidou.com\/index.php\/wp-json\/wp\/v2\/pages"}],"about":[{"href":"https:\/\/www.bouskidou.com\/index.php\/wp-json\/wp\/v2\/types\/page"}],"author":[{"embeddable":true,"href":"https:\/\/www.bouskidou.com\/index.php\/wp-json\/wp\/v2\/users\/1"}],"replies":[{"embeddable":true,"href":"https:\/\/www.bouskidou.com\/index.php\/wp-json\/wp\/v2\/comments?post=232"}],"version-history":[{"count":22,"href":"https:\/\/www.bouskidou.com\/index.php\/wp-json\/wp\/v2\/pages\/232\/revisions"}],"predecessor-version":[{"id":2026,"href":"https:\/\/www.bouskidou.com\/index.php\/wp-json\/wp\/v2\/pages\/232\/revisions\/2026"}],"wp:attachment":[{"href":"https:\/\/www.bouskidou.com\/index.php\/wp-json\/wp\/v2\/media?parent=232"}],"curies":[{"name":"wp","href":"https:\/\/api.w.org\/{rel}","templated":true}]}}