{"id":674,"date":"2020-04-29T21:43:10","date_gmt":"2020-04-29T19:43:10","guid":{"rendered":"https:\/\/www.bouskidou.com\/?page_id=674"},"modified":"2020-05-19T00:30:48","modified_gmt":"2020-05-18T22:30:48","slug":"pas-facile-2","status":"publish","type":"page","link":"https:\/\/www.bouskidou.com\/index.php\/pas-facile-2\/","title":{"rendered":"PAS FACILE lecteur mp3"},"content":{"rendered":"<p>[et_pb_section fb_built=&#8221;1&#8243; fullwidth=&#8221;on&#8221; _builder_version=&#8221;4.4.1&#8243;][et_pb_fullwidth_image src=&#8221;https:\/\/www.bouskidou.com\/wp-content\/uploads\/2020\/04\/pas_facile.jpg&#8221; _builder_version=&#8221;4.4.1&#8243; filter_opacity=&#8221;74%&#8221; filter_blur=&#8221;32px&#8221;][\/et_pb_fullwidth_image][\/et_pb_section][et_pb_section fb_built=&#8221;1&#8243; _builder_version=&#8221;4.4.1&#8243;][et_pb_row _builder_version=&#8221;4.4.1&#8243;][et_pb_column type=&#8221;4_4&#8243; _builder_version=&#8221;4.4.1&#8243;][et_pb_code admin_label=&#8221;player Pas Facile&#8221; _builder_version=&#8221;4.4.1&#8243; background_color=&#8221;rgba(0,0,0,0)&#8221; module_alignment=&#8221;center&#8221; min_height=&#8221;861px&#8221; height=&#8221;738px&#8221; max_height=&#8221;1000px&#8221; custom_margin=&#8221;-1320px||||false|false&#8221; hover_enabled=&#8221;0&#8243; custom_margin_last_edited=&#8221;on|phone&#8221; custom_margin_tablet=&#8221;-629px||||false|false&#8221; custom_margin_phone=&#8221;-418px||||false|false&#8221;]<div id=\"audioigniter-656\" class=\"audioigniter-root\" data-player-type=\"full\" data-tracks-url=\"https:\/\/www.bouskidou.com\/?audioigniter_playlist_id=656\" data-display-track-no=\"true\" data-reverse-track-order=\"false\" data-display-tracklist-covers=\"true\" data-display-active-cover=\"true\" data-display-artist-names=\"true\" data-display-buy-buttons=\"false\" data-buy-buttons-target=\"false\" data-cycle-tracks=\"false\" data-display-credits=\"false\" data-display-tracklist=\"true\" data-allow-tracklist-toggle=\"true\" data-allow-tracklist-loop=\"true\" data-limit-tracklist-height=\"false\" data-volume=\"100\" data-tracklist-height=\"185\" ><\/div>[\/et_pb_code][et_pb_cta title=&#8221;%22PAS FACILE&#8230; DE RESTER TRANQUILLE!%22&#8243; button_url=&#8221;https:\/\/www.bouskidou.com\/index.php\/boutique\/&#8221; url_new_window=&#8221;on&#8221; button_text=&#8221;Commandez&#8221; admin_label=&#8221;Pas Facile vers boutik&#8221; _builder_version=&#8221;4.4.1&#8243; header_text_color=&#8221;#3a2325&#8243; background_color=&#8221;#ffffff&#8221; custom_button=&#8221;on&#8221; button_text_color=&#8221;#ffffff&#8221; button_bg_color=&#8221;#86000f&#8221; button_border_width=&#8221;1px&#8221; button_border_color=&#8221;#86000f&#8221; button_border_radius=&#8221;30px&#8221; button_icon=&#8221;%%114%%&#8221; button_icon_color=&#8221;#ffffff&#8221; background_layout=&#8221;light&#8221; custom_margin=&#8221;-20px||||false|false&#8221; hover_enabled=&#8221;0&#8243; header_font_size_last_edited=&#8221;on|phone&#8221; header_font_size_tablet=&#8221;20px&#8221; header_font_size_phone=&#8221;16px&#8221; body_font_size_last_edited=&#8221;on|desktop&#8221; body_font_size_phone=&#8221;12px&#8221; body_font_size_tablet=&#8221;13px&#8221; button_text_size=&#8221;14px&#8221; button_text_size_last_edited=&#8221;on|phone&#8221; button_text_size_tablet=&#8221;13px&#8221; button_text_size_phone=&#8221;12px&#8221; custom_margin_last_edited=&#8221;on|phone&#8221; custom_margin_phone=&#8221;250px||0px||false|false&#8221;]<\/p>\n<p>Album sorti en 1995 r\u00e9compens\u00e9 par les 4 cl\u00e9s T\u00e9l\u00e9rama. Disponible sur les plateformes de t\u00e9l\u00e9chargement; Deezer, Spotify, iTunes&#8230;<\/p>\n<p>et directement \u00e0 notre Bouskiboutik !<\/p>\n<p>[\/et_pb_cta][\/et_pb_column][\/et_pb_row][\/et_pb_section]<\/p>\n","protected":false},"excerpt":{"rendered":"<p>[et_pb_section fb_built=&#8221;1&#8243; fullwidth=&#8221;on&#8221; _builder_version=&#8221;4.4.1&#8243;][et_pb_fullwidth_image src=&#8221;https:\/\/www.bouskidou.com\/wp-content\/uploads\/2020\/04\/pas_facile.jpg&#8221; _builder_version=&#8221;4.4.1&#8243; filter_opacity=&#8221;74%&#8221; filter_blur=&#8221;32px&#8221;][\/et_pb_fullwidth_image][\/et_pb_section][et_pb_section fb_built=&#8221;1&#8243; _builder_version=&#8221;4.4.1&#8243;][et_pb_row _builder_version=&#8221;4.4.1&#8243;][et_pb_column type=&#8221;4_4&#8243; _builder_version=&#8221;4.4.1&#8243;][et_pb_code admin_label=&#8221;player Pas Facile&#8221; _builder_version=&#8221;4.4.1&#8243; background_color=&#8221;rgba(0,0,0,0)&#8221; module_alignment=&#8221;center&#8221; min_height=&#8221;861px&#8221; height=&#8221;738px&#8221; max_height=&#8221;1000px&#8221; custom_margin=&#8221;-1320px||||false|false&#8221; hover_enabled=&#8221;0&#8243; custom_margin_last_edited=&#8221;on|phone&#8221; custom_margin_tablet=&#8221;-629px||||false|false&#8221; custom_margin_phone=&#8221;-418px||||false|false&#8221;][\/et_pb_code][et_pb_cta title=&#8221;%22PAS FACILE&#8230; DE RESTER TRANQUILLE!%22&#8243; button_url=&#8221;https:\/\/www.bouskidou.com\/index.php\/boutique\/&#8221; url_new_window=&#8221;on&#8221; button_text=&#8221;Commandez&#8221; admin_label=&#8221;Pas Facile vers boutik&#8221; _builder_version=&#8221;4.4.1&#8243; header_text_color=&#8221;#3a2325&#8243; background_color=&#8221;#ffffff&#8221; custom_button=&#8221;on&#8221; button_text_color=&#8221;#ffffff&#8221; button_bg_color=&#8221;#86000f&#8221; button_border_width=&#8221;1px&#8221; button_border_color=&#8221;#86000f&#8221; button_border_radius=&#8221;30px&#8221; button_icon=&#8221;%%114%%&#8221; button_icon_color=&#8221;#ffffff&#8221; background_layout=&#8221;light&#8221; custom_margin=&#8221;-20px||||false|false&#8221; hover_enabled=&#8221;0&#8243; header_font_size_last_edited=&#8221;on|phone&#8221; header_font_size_tablet=&#8221;20px&#8221; [&hellip;]<\/p>\n","protected":false},"author":1,"featured_media":0,"parent":0,"menu_order":0,"comment_status":"closed","ping_status":"closed","template":"","meta":{"_et_pb_use_builder":"on","_et_pb_old_content":"","_et_gb_content_width":"","footnotes":""},"_links":{"self":[{"href":"https:\/\/www.bouskidou.com\/index.php\/wp-json\/wp\/v2\/pages\/674"}],"collection":[{"href":"https:\/\/www.bouskidou.com\/index.php\/wp-json\/wp\/v2\/pages"}],"about":[{"href":"https:\/\/www.bouskidou.com\/index.php\/wp-json\/wp\/v2\/types\/page"}],"author":[{"embeddable":true,"href":"https:\/\/www.bouskidou.com\/index.php\/wp-json\/wp\/v2\/users\/1"}],"replies":[{"embeddable":true,"href":"https:\/\/www.bouskidou.com\/index.php\/wp-json\/wp\/v2\/comments?post=674"}],"version-history":[{"count":10,"href":"https:\/\/www.bouskidou.com\/index.php\/wp-json\/wp\/v2\/pages\/674\/revisions"}],"predecessor-version":[{"id":1446,"href":"https:\/\/www.bouskidou.com\/index.php\/wp-json\/wp\/v2\/pages\/674\/revisions\/1446"}],"wp:attachment":[{"href":"https:\/\/www.bouskidou.com\/index.php\/wp-json\/wp\/v2\/media?parent=674"}],"curies":[{"name":"wp","href":"https:\/\/api.w.org\/{rel}","templated":true}]}}