{"id":1946,"date":"2021-05-16T19:31:39","date_gmt":"2021-05-16T17:31:39","guid":{"rendered":"https:\/\/www.bouskidou.com\/?post_type=product&#038;p=1946"},"modified":"2025-01-31T19:02:04","modified_gmt":"2025-01-31T18:02:04","slug":"livre-cd-mes-emois-et-moi-copie","status":"publish","type":"product","link":"https:\/\/www.bouskidou.com\/index.php\/produit\/livre-cd-mes-emois-et-moi-copie\/","title":{"rendered":"Livre-CD &#8220;Mes \u00c9mois et Moi&#8221; (Copie)"},"content":{"rendered":"<p>Bouskidou nous offre un livre-disque. Onze chansons-histoires, pleines d\u2019\u00e9mois d\u2019\u00e9motions et de sentiments avec un style inimitable fait de riffs et d\u2019humour, de breaks et de tendresse. Une chanson par \u00e9motion pour raconter ce qui se passe et ce que l\u2019on ressent dans son c\u0153ur et dans sa t\u00eate quand une \u00e9motion surgit au d\u00e9tour d\u2019un \u00e9v\u00e8nement.<\/p>\n<p>C\u2019est plut\u00f4t gai, propre \u00e0 donner le sourire qui est \u00e0 l\u2019origine de la joie, les musiques sont comme toujours chez Bouskidou des pieds de nez aux m\u00e9lodies enfantines et un clin d\u2019\u0153il au rock\u2019n\u2019roll\u2026 pour aller jusqu\u2019\u00e0 d\u00e9couvrir \u00ab le grand bazar des bons sentiments \u00bb.<\/p>\n<p>Et puisque le bonheur est le temps que l\u2019on accorde \u00e0 sa joie, alors ils ont tout mis en \u0153uvre pour la faire durer le temps de ces onze chansons\u2026.<\/p>\n<p>Le livre (48 pages)<\/p>\n<p>Le r\u00e9sultat est d\u00e9tonnant, marrant et \u00e9tonnant\u2026 et n\u2019est pas sans rappeler leur 2\u00e8me album \u201cFastoche, les mains dans les poches\u201d sorti en vinyle en 1985 qui comportait d\u00e9j\u00e0 une planche de BD pour chaque chanson ! D\u2019ailleurs, la dessinatrice Olli Bioret et ses comp\u00e8res Bruno Barbier, Nicolas De la Casini\u00e8re, Yves Magne et \u00c9ric Sagot faisaient partie de ces talentueux illustrateurs. Quelques ann\u00e9es plus tard nous les retrouvons avec \u00e0 leurs c\u00f4t\u00e9s Laurent Lebot, Benoit Sire et Olivier Texier pour mettre en dessin le magasin \u201cLe Grand Bazar des Bons Sentiments\u201d.<\/p>\n<p>En prime on retrouve toute l\u2019histoire ou presque du groupe !<\/p>\n","protected":false},"excerpt":{"rendered":"<p>En cette ann\u00e9e 2020, plus fragile et teint\u00e9e d\u2019incertitude, les cr\u00e9ateurs du rock pour les m\u00f4mes ont compos\u00e9 un album un peu diff\u00e9rent: Un magnifique livre-album sur les \u00e9motions et les sentiments.<\/p>\n","protected":false},"featured_media":1660,"template":"","meta":{"_et_pb_use_builder":"","_et_pb_old_content":"","_et_gb_content_width":""},"_links":{"self":[{"href":"https:\/\/www.bouskidou.com\/index.php\/wp-json\/wp\/v2\/product\/1946"}],"collection":[{"href":"https:\/\/www.bouskidou.com\/index.php\/wp-json\/wp\/v2\/product"}],"about":[{"href":"https:\/\/www.bouskidou.com\/index.php\/wp-json\/wp\/v2\/types\/product"}],"wp:featuredmedia":[{"embeddable":true,"href":"https:\/\/www.bouskidou.com\/index.php\/wp-json\/wp\/v2\/media\/1660"}],"wp:attachment":[{"href":"https:\/\/www.bouskidou.com\/index.php\/wp-json\/wp\/v2\/media?parent=1946"}],"curies":[{"name":"wp","href":"https:\/\/api.w.org\/{rel}","templated":true}]}}