{"id":935,"date":"2005-05-05T15:48:54","date_gmt":"2005-05-05T13:48:54","guid":{"rendered":"https:\/\/www.bouskidou.com\/?post_type=product&#038;p=935"},"modified":"2025-12-01T09:48:31","modified_gmt":"2025-12-01T08:48:31","slug":"cd-tas-tout-ton-temps","status":"publish","type":"product","link":"https:\/\/www.bouskidou.com\/index.php\/produit\/cd-tas-tout-ton-temps\/","title":{"rendered":"CD &#8220;T&#8217;as tout ton temps&#8221;"},"content":{"rendered":"<p>[et_pb_section fb_built=&#8221;1&#8243; _builder_version=&#8221;3.22&#8243; custom_padding=&#8221;0px||||false|false&#8221;][et_pb_row _builder_version=&#8221;3.25&#8243; background_size=&#8221;initial&#8221; background_position=&#8221;top_left&#8221; background_repeat=&#8221;repeat&#8221; width=&#8221;100%&#8221; custom_padding=&#8221;0px||0px||false|false&#8221;][et_pb_column type=&#8221;4_4&#8243; _builder_version=&#8221;3.25&#8243; custom_padding=&#8221;|||&#8221; custom_padding__hover=&#8221;|||&#8221;][et_pb_wc_breadcrumb _builder_version=&#8221;3.0.47&#8243;][\/et_pb_wc_breadcrumb][et_pb_wc_cart_notice _builder_version=&#8221;4.4.1&#8243; background_color=&#8221;#86000f&#8221; custom_button=&#8221;on&#8221; button_border_width=&#8221;2px&#8221; button_border_color=&#8221;#ffffff&#8221; button_border_radius=&#8221;30px&#8221; button_icon=&#8221;%%114%%&#8221;][\/et_pb_wc_cart_notice][\/et_pb_column][\/et_pb_row][et_pb_row column_structure=&#8221;1_2,1_2&#8243; _builder_version=&#8221;3.25&#8243; background_size=&#8221;initial&#8221; background_position=&#8221;top_left&#8221; background_repeat=&#8221;repeat&#8221; width=&#8221;100%&#8221; custom_padding=&#8221;0px||||false|false&#8221;][et_pb_column type=&#8221;1_2&#8243; _builder_version=&#8221;3.25&#8243; custom_padding=&#8221;|||&#8221; custom_padding__hover=&#8221;|||&#8221;][et_pb_wc_images _builder_version=&#8221;3.0.47&#8243;][\/et_pb_wc_images][\/et_pb_column][et_pb_column type=&#8221;1_2&#8243; _builder_version=&#8221;3.25&#8243; custom_padding=&#8221;|||&#8221; custom_padding__hover=&#8221;|||&#8221;][et_pb_wc_title _builder_version=&#8221;3.0.47&#8243;][\/et_pb_wc_title][et_pb_wc_rating _builder_version=&#8221;3.0.47&#8243;][\/et_pb_wc_rating][et_pb_wc_price _builder_version=&#8221;3.0.47&#8243;][\/et_pb_wc_price][et_pb_wc_description _builder_version=&#8221;3.0.47&#8243;][\/et_pb_wc_description][et_pb_wc_add_to_cart _builder_version=&#8221;4.4.1&#8243; custom_button=&#8221;on&#8221; button_text_color=&#8221;#86000f&#8221; button_border_radius=&#8221;30px&#8221; button_font=&#8221;||||||||&#8221; button_icon=&#8221;%%28%%&#8221;][\/et_pb_wc_add_to_cart][et_pb_wc_meta _builder_version=&#8221;3.0.47&#8243;][\/et_pb_wc_meta][\/et_pb_column][\/et_pb_row][et_pb_row _builder_version=&#8221;3.25&#8243; background_size=&#8221;initial&#8221; background_position=&#8221;top_left&#8221; background_repeat=&#8221;repeat&#8221; width=&#8221;100%&#8221;][et_pb_column type=&#8221;4_4&#8243; _builder_version=&#8221;3.25&#8243; custom_padding=&#8221;|||&#8221; custom_padding__hover=&#8221;|||&#8221;][et_pb_wc_tabs _builder_version=&#8221;3.0.47&#8243;] [\/et_pb_wc_tabs][et_pb_wc_upsells _builder_version=&#8221;3.0.47&#8243;][\/et_pb_wc_upsells][et_pb_wc_related_products _builder_version=&#8221;3.0.47&#8243;][\/et_pb_wc_related_products][\/et_pb_column][\/et_pb_row][\/et_pb_section]<\/p>\n","protected":false},"excerpt":{"rendered":"<p>Le monde de Bouskidou est comme l&#8217;enfance, un peu insouciant, cruel et tendre avec une pointe de rire entre deux crises de larmes. Du rock grandeur nature pour adultes miniatures&#8230;<\/p>\n","protected":false},"featured_media":485,"template":"","meta":{"_et_pb_use_builder":"on","_et_pb_old_content":"Quel \u00e2ge tu auras quand tu seras grand? Nous , on ne s'est pas encore d\u00e9cid\u00e9s... peut \u00eatre qu'on ne le saura jamais !\r\nUn bon moyen de raviver l'entente cordiale entre parents et enfants qui, parfois, \u00e0 une g\u00e9n\u00e9ration d'\u00e9cart, ont chant\u00e9 en boucles leurs refrains entra\u00eenants !\r\nAu fait, savez vous pourquoi les chaussettes se retrouvent toute seule apr\u00e8s un tour de s\u00e8che-linge? Y'en a qu'une o\u00f9 est l'autre? on veut savoir la v\u00e9rit\u00e9 !","_et_gb_content_width":""},"_links":{"self":[{"href":"https:\/\/www.bouskidou.com\/index.php\/wp-json\/wp\/v2\/product\/935"}],"collection":[{"href":"https:\/\/www.bouskidou.com\/index.php\/wp-json\/wp\/v2\/product"}],"about":[{"href":"https:\/\/www.bouskidou.com\/index.php\/wp-json\/wp\/v2\/types\/product"}],"wp:featuredmedia":[{"embeddable":true,"href":"https:\/\/www.bouskidou.com\/index.php\/wp-json\/wp\/v2\/media\/485"}],"wp:attachment":[{"href":"https:\/\/www.bouskidou.com\/index.php\/wp-json\/wp\/v2\/media?parent=935"}],"curies":[{"name":"wp","href":"https:\/\/api.w.org\/{rel}","templated":true}]}}